{"id":751,"date":"2019-05-09T16:21:21","date_gmt":"2019-05-09T13:21:21","guid":{"rendered":"http:\/\/dekoratsioonid.ee\/?product=lavakardin-must-molton-36m"},"modified":"2019-05-09T16:22:02","modified_gmt":"2019-05-09T13:22:02","slug":"lavakardin-must-molton-36m","status":"publish","type":"product","link":"https:\/\/dekoratsioonid.ee\/?product=lavakardin-must-molton-36m","title":{"rendered":"Lavakardin, must molton, 3*6m"},"content":{"rendered":"<p>Lavakardin, must molton, 3*6m (3m lai * 6m k\u00f5rge, \u00f6\u00f6sid \u00fclemises \u00e4\u00e4res)<\/p>\n<p>Rendihind 20EUR+KM\/p\u00e4ev.<\/p>\n<p>Laos 12 tk.<\/p>\n","protected":false},"excerpt":{"rendered":"<p>Lavakardin, must molton, 3*6m (3m lai * 6m k\u00f5rge, \u00f6\u00f6sid \u00fclemises \u00e4\u00e4res) Rendihind 20EUR+KM\/p\u00e4ev. Laos 12 tk.<\/p>\n","protected":false},"featured_media":365,"template":"","meta":[],"product_brand":[],"product_cat":[33],"product_tag":[],"class_list":{"0":"post-751","1":"product","2":"type-product","3":"status-publish","4":"has-post-thumbnail","6":"product_cat-tekstiilid","8":"first","9":"instock","10":"shipping-taxable","11":"purchasable","12":"product-type-simple"},"_links":{"self":[{"href":"https:\/\/dekoratsioonid.ee\/index.php?rest_route=\/wp\/v2\/product\/751","targetHints":{"allow":["GET"]}}],"collection":[{"href":"https:\/\/dekoratsioonid.ee\/index.php?rest_route=\/wp\/v2\/product"}],"about":[{"href":"https:\/\/dekoratsioonid.ee\/index.php?rest_route=\/wp\/v2\/types\/product"}],"wp:featuredmedia":[{"embeddable":true,"href":"https:\/\/dekoratsioonid.ee\/index.php?rest_route=\/wp\/v2\/media\/365"}],"wp:attachment":[{"href":"https:\/\/dekoratsioonid.ee\/index.php?rest_route=%2Fwp%2Fv2%2Fmedia&parent=751"}],"wp:term":[{"taxonomy":"product_brand","embeddable":true,"href":"https:\/\/dekoratsioonid.ee\/index.php?rest_route=%2Fwp%2Fv2%2Fproduct_brand&post=751"},{"taxonomy":"product_cat","embeddable":true,"href":"https:\/\/dekoratsioonid.ee\/index.php?rest_route=%2Fwp%2Fv2%2Fproduct_cat&post=751"},{"taxonomy":"product_tag","embeddable":true,"href":"https:\/\/dekoratsioonid.ee\/index.php?rest_route=%2Fwp%2Fv2%2Fproduct_tag&post=751"}],"curies":[{"name":"wp","href":"https:\/\/api.w.org\/{rel}","templated":true}]}}