{"id":750,"date":"2019-05-09T16:20:16","date_gmt":"2019-05-09T13:20:16","guid":{"rendered":"http:\/\/dekoratsioonid.ee\/?product=lavakardin-must-molton-66m"},"modified":"2019-05-09T16:20:56","modified_gmt":"2019-05-09T13:20:56","slug":"lavakardin-must-molton-66m","status":"publish","type":"product","link":"https:\/\/dekoratsioonid.ee\/?product=lavakardin-must-molton-66m","title":{"rendered":"Lavakardin, must molton, 6*6m"},"content":{"rendered":"<p>Lavakardin, must molton, 6*6m (6m lai * 6m k\u00f5rge, \u00f6\u00f6sid \u00fclemises \u00e4\u00e4res)<\/p>\n<p>Rendihind 30EUR+KM\/p\u00e4ev.<\/p>\n<p>Laos 6 tk.<\/p>\n","protected":false},"excerpt":{"rendered":"<p>Lavakardin, must molton, 6*6m (6m lai * 6m k\u00f5rge, \u00f6\u00f6sid \u00fclemises \u00e4\u00e4res) Rendihind 30EUR+KM\/p\u00e4ev. Laos 6 tk.<\/p>\n","protected":false},"featured_media":365,"template":"","meta":[],"product_brand":[],"product_cat":[33],"product_tag":[],"class_list":{"0":"post-750","1":"product","2":"type-product","3":"status-publish","4":"has-post-thumbnail","6":"product_cat-tekstiilid","8":"first","9":"instock","10":"shipping-taxable","11":"purchasable","12":"product-type-simple"},"_links":{"self":[{"href":"https:\/\/dekoratsioonid.ee\/index.php?rest_route=\/wp\/v2\/product\/750","targetHints":{"allow":["GET"]}}],"collection":[{"href":"https:\/\/dekoratsioonid.ee\/index.php?rest_route=\/wp\/v2\/product"}],"about":[{"href":"https:\/\/dekoratsioonid.ee\/index.php?rest_route=\/wp\/v2\/types\/product"}],"wp:featuredmedia":[{"embeddable":true,"href":"https:\/\/dekoratsioonid.ee\/index.php?rest_route=\/wp\/v2\/media\/365"}],"wp:attachment":[{"href":"https:\/\/dekoratsioonid.ee\/index.php?rest_route=%2Fwp%2Fv2%2Fmedia&parent=750"}],"wp:term":[{"taxonomy":"product_brand","embeddable":true,"href":"https:\/\/dekoratsioonid.ee\/index.php?rest_route=%2Fwp%2Fv2%2Fproduct_brand&post=750"},{"taxonomy":"product_cat","embeddable":true,"href":"https:\/\/dekoratsioonid.ee\/index.php?rest_route=%2Fwp%2Fv2%2Fproduct_cat&post=750"},{"taxonomy":"product_tag","embeddable":true,"href":"https:\/\/dekoratsioonid.ee\/index.php?rest_route=%2Fwp%2Fv2%2Fproduct_tag&post=750"}],"curies":[{"name":"wp","href":"https:\/\/api.w.org\/{rel}","templated":true}]}}