{"id":743,"date":"2019-05-09T09:57:21","date_gmt":"2019-05-09T06:57:21","guid":{"rendered":"http:\/\/dekoratsioonid.ee\/?product=truss-alutruss-sp-porandaplaat-vaike"},"modified":"2019-05-09T09:58:15","modified_gmt":"2019-05-09T06:58:15","slug":"truss-alutruss-sp-porandaplaat-vaike","status":"publish","type":"product","link":"https:\/\/dekoratsioonid.ee\/?product=truss-alutruss-sp-porandaplaat-vaike","title":{"rendered":"Truss ALUTRUSS SP, p\u00f5randaplaat (v\u00e4ike)"},"content":{"rendered":"<p>Truss ALUTRUSS SP, p\u00f5randaplaat (v\u00e4ike)<\/p>\n<p>Rendihind 2EUR+KM\/p\u00e4ev.<\/p>\n<p>Laos 4tk.<\/p>\n","protected":false},"excerpt":{"rendered":"<p>Truss ALUTRUSS SP, p\u00f5randaplaat (v\u00e4ike) Rendihind 2EUR+KM\/p\u00e4ev. Laos 4tk.<\/p>\n","protected":false},"featured_media":740,"template":"","meta":[],"product_brand":[],"product_cat":[34],"product_tag":[],"class_list":{"0":"post-743","1":"product","2":"type-product","3":"status-publish","4":"has-post-thumbnail","6":"product_cat-truss","8":"first","9":"instock","10":"shipping-taxable","11":"purchasable","12":"product-type-simple"},"_links":{"self":[{"href":"https:\/\/dekoratsioonid.ee\/index.php?rest_route=\/wp\/v2\/product\/743","targetHints":{"allow":["GET"]}}],"collection":[{"href":"https:\/\/dekoratsioonid.ee\/index.php?rest_route=\/wp\/v2\/product"}],"about":[{"href":"https:\/\/dekoratsioonid.ee\/index.php?rest_route=\/wp\/v2\/types\/product"}],"wp:featuredmedia":[{"embeddable":true,"href":"https:\/\/dekoratsioonid.ee\/index.php?rest_route=\/wp\/v2\/media\/740"}],"wp:attachment":[{"href":"https:\/\/dekoratsioonid.ee\/index.php?rest_route=%2Fwp%2Fv2%2Fmedia&parent=743"}],"wp:term":[{"taxonomy":"product_brand","embeddable":true,"href":"https:\/\/dekoratsioonid.ee\/index.php?rest_route=%2Fwp%2Fv2%2Fproduct_brand&post=743"},{"taxonomy":"product_cat","embeddable":true,"href":"https:\/\/dekoratsioonid.ee\/index.php?rest_route=%2Fwp%2Fv2%2Fproduct_cat&post=743"},{"taxonomy":"product_tag","embeddable":true,"href":"https:\/\/dekoratsioonid.ee\/index.php?rest_route=%2Fwp%2Fv2%2Fproduct_tag&post=743"}],"curies":[{"name":"wp","href":"https:\/\/api.w.org\/{rel}","templated":true}]}}