{"id":706,"date":"2019-05-09T08:25:23","date_gmt":"2019-05-09T05:25:23","guid":{"rendered":"http:\/\/dekoratsioonid.ee\/?product=tribuuni-rent-ja-paigaldus"},"modified":"2019-05-09T08:32:08","modified_gmt":"2019-05-09T05:32:08","slug":"tribuuni-rent-ja-paigaldus","status":"publish","type":"product","link":"https:\/\/dekoratsioonid.ee\/?product=tribuuni-rent-ja-paigaldus","title":{"rendered":"Trib\u00fc\u00fcni rent ja paigaldus"},"content":{"rendered":"<p>Trib\u00fc\u00fcni rent ja paigaldus.<\/p>\n<p>Ehitame teile sobivas m\u00f5\u00f5dus trib\u00fc\u00fcni nii sisse kui v\u00e4lja.<\/p>\n<p>Lisainfo: Allan R\u00e4im, 5100282, allan@trumm.ee<\/p>\n<p>&nbsp;<\/p>\n","protected":false},"excerpt":{"rendered":"<p>Trib\u00fc\u00fcni rent ja paigaldus. Ehitame teile sobivas m\u00f5\u00f5dus trib\u00fc\u00fcni nii sisse kui v\u00e4lja. Lisainfo: Allan R\u00e4im, 5100282, allan@trumm.ee &nbsp;<\/p>\n","protected":false},"featured_media":711,"template":"","meta":[],"product_brand":[],"product_cat":[31],"product_tag":[],"class_list":{"0":"post-706","1":"product","2":"type-product","3":"status-publish","4":"has-post-thumbnail","6":"product_cat-lavapoodiumid-ja-tribuun","8":"first","9":"instock","10":"shipping-taxable","11":"purchasable","12":"product-type-simple"},"_links":{"self":[{"href":"https:\/\/dekoratsioonid.ee\/index.php?rest_route=\/wp\/v2\/product\/706","targetHints":{"allow":["GET"]}}],"collection":[{"href":"https:\/\/dekoratsioonid.ee\/index.php?rest_route=\/wp\/v2\/product"}],"about":[{"href":"https:\/\/dekoratsioonid.ee\/index.php?rest_route=\/wp\/v2\/types\/product"}],"wp:featuredmedia":[{"embeddable":true,"href":"https:\/\/dekoratsioonid.ee\/index.php?rest_route=\/wp\/v2\/media\/711"}],"wp:attachment":[{"href":"https:\/\/dekoratsioonid.ee\/index.php?rest_route=%2Fwp%2Fv2%2Fmedia&parent=706"}],"wp:term":[{"taxonomy":"product_brand","embeddable":true,"href":"https:\/\/dekoratsioonid.ee\/index.php?rest_route=%2Fwp%2Fv2%2Fproduct_brand&post=706"},{"taxonomy":"product_cat","embeddable":true,"href":"https:\/\/dekoratsioonid.ee\/index.php?rest_route=%2Fwp%2Fv2%2Fproduct_cat&post=706"},{"taxonomy":"product_tag","embeddable":true,"href":"https:\/\/dekoratsioonid.ee\/index.php?rest_route=%2Fwp%2Fv2%2Fproduct_tag&post=706"}],"curies":[{"name":"wp","href":"https:\/\/api.w.org\/{rel}","templated":true}]}}