{"id":389,"date":"2016-12-03T18:17:14","date_gmt":"2016-12-03T16:17:14","guid":{"rendered":"http:\/\/dekoratsioonid.ee\/?product=luhter-150cm100cm-valge-led-kuunaldega"},"modified":"2023-09-12T23:42:40","modified_gmt":"2023-09-12T20:42:40","slug":"luhter-150cm100cm-valge-led-kuunaldega","status":"publish","type":"product","link":"https:\/\/dekoratsioonid.ee\/?product=luhter-150cm100cm-valge-led-kuunaldega","title":{"rendered":"L\u00fchtri rent, D=150cm H=100cm, kood: L11."},"content":{"rendered":"<p>L\u00fchter, D=150cm H=100cm, must v\u00f5i valge, LED k\u00fc\u00fcnaldega.<\/p>\n<p>Kood: L11.<\/p>\n<p>Rendihind 30EUR\/p\u00e4ev.<\/p>\n<p>Laos 8 tk.<\/p>\n","protected":false},"excerpt":{"rendered":"<p>L\u00fchter, D=150cm H=100cm, must v\u00f5i valge, LED k\u00fc\u00fcnaldega. Kood: L11. Rendihind 30EUR\/p\u00e4ev. Laos 8 tk.<\/p>\n","protected":false},"featured_media":871,"template":"","meta":[],"product_brand":[],"product_cat":[60,28],"product_tag":[],"class_list":{"0":"post-389","1":"product","2":"type-product","3":"status-publish","4":"has-post-thumbnail","6":"product_cat-lyhtrid","7":"product_cat-luhtrid-ja-valgustid","9":"first","10":"instock","11":"featured","12":"shipping-taxable","13":"purchasable","14":"product-type-simple"},"_links":{"self":[{"href":"https:\/\/dekoratsioonid.ee\/index.php?rest_route=\/wp\/v2\/product\/389","targetHints":{"allow":["GET"]}}],"collection":[{"href":"https:\/\/dekoratsioonid.ee\/index.php?rest_route=\/wp\/v2\/product"}],"about":[{"href":"https:\/\/dekoratsioonid.ee\/index.php?rest_route=\/wp\/v2\/types\/product"}],"wp:featuredmedia":[{"embeddable":true,"href":"https:\/\/dekoratsioonid.ee\/index.php?rest_route=\/wp\/v2\/media\/871"}],"wp:attachment":[{"href":"https:\/\/dekoratsioonid.ee\/index.php?rest_route=%2Fwp%2Fv2%2Fmedia&parent=389"}],"wp:term":[{"taxonomy":"product_brand","embeddable":true,"href":"https:\/\/dekoratsioonid.ee\/index.php?rest_route=%2Fwp%2Fv2%2Fproduct_brand&post=389"},{"taxonomy":"product_cat","embeddable":true,"href":"https:\/\/dekoratsioonid.ee\/index.php?rest_route=%2Fwp%2Fv2%2Fproduct_cat&post=389"},{"taxonomy":"product_tag","embeddable":true,"href":"https:\/\/dekoratsioonid.ee\/index.php?rest_route=%2Fwp%2Fv2%2Fproduct_tag&post=389"}],"curies":[{"name":"wp","href":"https:\/\/api.w.org\/{rel}","templated":true}]}}