{"id":1214,"date":"2025-01-21T23:47:53","date_gmt":"2025-01-21T21:47:53","guid":{"rendered":"https:\/\/dekoratsioonid.ee\/?post_type=product&#038;p=1214"},"modified":"2025-01-22T09:12:05","modified_gmt":"2025-01-22T07:12:05","slug":"luhtri-jalg-korgus-3-35m","status":"publish","type":"product","link":"https:\/\/dekoratsioonid.ee\/?product=luhtri-jalg-korgus-3-35m","title":{"rendered":"L\u00fchtri jalg, k\u00f5rgus 3-3,5m."},"content":{"rendered":"<p>L\u00fchtri p\u00f5randa jalg, k\u00f5rgus 3-3,5m, laius 1-1,5m.<\/p>\n<p>35mm must matt pulberv\u00e4rvitud toru, 60*60cm terasplaadil, jala kaal kokku 32kg.<\/p>\n<p>Laos 20 tk.<\/p>\n<p>&nbsp;<\/p>\n","protected":false},"excerpt":{"rendered":"<p>L\u00fchtri p\u00f5randa jalg, k\u00f5rgus 3-3,5m, laius 1-1,5m. 35mm must matt pulberv\u00e4rvitud toru, 60*60cm terasplaadil, jala kaal kokku 32kg. Laos 20 tk. &nbsp;<\/p>\n","protected":false},"featured_media":1223,"template":"","meta":[],"product_brand":[],"product_cat":[60,28],"product_tag":[],"class_list":{"0":"post-1214","1":"product","2":"type-product","3":"status-publish","4":"has-post-thumbnail","6":"product_cat-lyhtrid","7":"product_cat-luhtrid-ja-valgustid","9":"first","10":"instock","11":"shipping-taxable","12":"purchasable","13":"product-type-simple"},"_links":{"self":[{"href":"https:\/\/dekoratsioonid.ee\/index.php?rest_route=\/wp\/v2\/product\/1214","targetHints":{"allow":["GET"]}}],"collection":[{"href":"https:\/\/dekoratsioonid.ee\/index.php?rest_route=\/wp\/v2\/product"}],"about":[{"href":"https:\/\/dekoratsioonid.ee\/index.php?rest_route=\/wp\/v2\/types\/product"}],"wp:featuredmedia":[{"embeddable":true,"href":"https:\/\/dekoratsioonid.ee\/index.php?rest_route=\/wp\/v2\/media\/1223"}],"wp:attachment":[{"href":"https:\/\/dekoratsioonid.ee\/index.php?rest_route=%2Fwp%2Fv2%2Fmedia&parent=1214"}],"wp:term":[{"taxonomy":"product_brand","embeddable":true,"href":"https:\/\/dekoratsioonid.ee\/index.php?rest_route=%2Fwp%2Fv2%2Fproduct_brand&post=1214"},{"taxonomy":"product_cat","embeddable":true,"href":"https:\/\/dekoratsioonid.ee\/index.php?rest_route=%2Fwp%2Fv2%2Fproduct_cat&post=1214"},{"taxonomy":"product_tag","embeddable":true,"href":"https:\/\/dekoratsioonid.ee\/index.php?rest_route=%2Fwp%2Fv2%2Fproduct_tag&post=1214"}],"curies":[{"name":"wp","href":"https:\/\/api.w.org\/{rel}","templated":true}]}}