{"id":1145,"date":"2024-01-31T00:20:35","date_gmt":"2024-01-30T22:20:35","guid":{"rendered":"http:\/\/dekoratsioonid.ee\/?post_type=product&#038;p=1145"},"modified":"2026-02-11T20:40:27","modified_gmt":"2026-02-11T18:40:27","slug":"luhtri-rent-d103cm-h110cm-kood-l23-saadaval-alates-06-2024","status":"publish","type":"product","link":"https:\/\/dekoratsioonid.ee\/?product=luhtri-rent-d103cm-h110cm-kood-l23-saadaval-alates-06-2024","title":{"rendered":"Kristall l\u00fchtri rent, D=103cm, H=110cm, kood: L23."},"content":{"rendered":"<p>Kristall l\u00fchter, D=103cm, H=110cm, 15 lampi.<\/p>\n<p>L\u00fchtri kaal: 7,5kg.<\/p>\n<p>Kood: L23.<\/p>\n<p>K\u00fcsi hinnapakkumist, rendime ainult koos meie paigaldusega !<\/p>\n<p>Laos 6 tk.<\/p>\n","protected":false},"excerpt":{"rendered":"<p>Kristall l\u00fchter, D=103cm, H=110cm, 15 lampi. L\u00fchtri kaal: 7,5kg. Kood: L23. K\u00fcsi hinnapakkumist, rendime ainult koos meie paigaldusega ! Laos 6 tk.<\/p>\n","protected":false},"featured_media":1143,"template":"","meta":[],"product_brand":[],"product_cat":[60,28],"product_tag":[],"class_list":{"0":"post-1145","1":"product","2":"type-product","3":"status-publish","4":"has-post-thumbnail","6":"product_cat-lyhtrid","7":"product_cat-luhtrid-ja-valgustid","9":"first","10":"instock","11":"shipping-taxable","12":"product-type-simple"},"_links":{"self":[{"href":"https:\/\/dekoratsioonid.ee\/index.php?rest_route=\/wp\/v2\/product\/1145","targetHints":{"allow":["GET"]}}],"collection":[{"href":"https:\/\/dekoratsioonid.ee\/index.php?rest_route=\/wp\/v2\/product"}],"about":[{"href":"https:\/\/dekoratsioonid.ee\/index.php?rest_route=\/wp\/v2\/types\/product"}],"wp:featuredmedia":[{"embeddable":true,"href":"https:\/\/dekoratsioonid.ee\/index.php?rest_route=\/wp\/v2\/media\/1143"}],"wp:attachment":[{"href":"https:\/\/dekoratsioonid.ee\/index.php?rest_route=%2Fwp%2Fv2%2Fmedia&parent=1145"}],"wp:term":[{"taxonomy":"product_brand","embeddable":true,"href":"https:\/\/dekoratsioonid.ee\/index.php?rest_route=%2Fwp%2Fv2%2Fproduct_brand&post=1145"},{"taxonomy":"product_cat","embeddable":true,"href":"https:\/\/dekoratsioonid.ee\/index.php?rest_route=%2Fwp%2Fv2%2Fproduct_cat&post=1145"},{"taxonomy":"product_tag","embeddable":true,"href":"https:\/\/dekoratsioonid.ee\/index.php?rest_route=%2Fwp%2Fv2%2Fproduct_tag&post=1145"}],"curies":[{"name":"wp","href":"https:\/\/api.w.org\/{rel}","templated":true}]}}